{"id":78559,"date":"2019-02-08T10:18:42","date_gmt":"2019-02-08T10:18:42","guid":{"rendered":"https:\/\/duke-award.de\/run\/"},"modified":"2024-08-28T15:50:28","modified_gmt":"2024-08-28T15:50:28","slug":"duke_anbieten","status":"publish","type":"page","link":"https:\/\/duke-award.de\/en\/run\/","title":{"rendered":"Run the Award"},"content":{"rendered":"<p>M\u00f6chten Sie den Duke Award an Ihrer Schule, in Ihrem Unternehmen oder einer anderen Organisation anbieten oder tun Sie dies bereits? Hier erfahren Sie alles, was Sie wissen m\u00fcssen, um das Programm erfolgreich umsetzen zu k\u00f6nnen und damit junge Talente zu f\u00f6rdern und zu entwickeln.<\/p>\n","protected":false},"excerpt":{"rendered":"<p>M\u00f6chten Sie den Duke Award an Ihrer Schule, in Ihrem Unternehmen oder einer anderen Organisation anbieten oder tun Sie dies bereits? Hier erfahren Sie alles, was Sie wissen m\u00fcssen, um das Programm erfolgreich umsetzen zu k\u00f6nnen und damit junge Talente zu f\u00f6rdern und zu entwickeln.<\/p>\n","protected":false},"author":2,"featured_media":84165,"parent":0,"menu_order":201,"comment_status":"closed","ping_status":"closed","template":"","meta":{"_acf_changed":false,"footnotes":""},"class_list":["post-78559","page","type-page","status-publish","has-post-thumbnail","hentry"],"acf":[],"yoast_head":"<!-- This site is optimized with the Yoast SEO plugin v26.5 - https:\/\/yoast.com\/wordpress\/plugins\/seo\/ -->\n<title>Run the Award<\/title>\n<meta name=\"description\" content=\"Sie m\u00f6chten Talente junger Menschen f\u00f6rdern und entwickeln? Bieten Sie den Duke of Edinburgh\u00b4s International Award in Ihrer Institution an!\" \/>\n<meta name=\"robots\" content=\"index, follow, max-snippet:-1, max-image-preview:large, max-video-preview:-1\" \/>\n<link rel=\"canonical\" href=\"https:\/\/duke-award.de\/en\/run\/\" \/>\n<meta property=\"og:locale\" content=\"en_US\" \/>\n<meta property=\"og:type\" content=\"article\" \/>\n<meta property=\"og:title\" content=\"Run the Award\" \/>\n<meta property=\"og:description\" content=\"Sie m\u00f6chten Talente junger Menschen f\u00f6rdern und entwickeln? Bieten Sie den Duke of Edinburgh\u00b4s International Award in Ihrer Institution an!\" \/>\n<meta property=\"og:url\" content=\"https:\/\/duke-award.de\/en\/run\/\" \/>\n<meta property=\"og:site_name\" content=\"The Duke of Edinburgh&#039;s Award\" \/>\n<meta property=\"article:publisher\" content=\"https:\/\/www.facebook.com\/DukeAwardGermany\" \/>\n<meta property=\"article:modified_time\" content=\"2024-08-28T15:50:28+00:00\" \/>\n<meta property=\"og:image\" content=\"https:\/\/duke-award.de\/wp-content\/uploads\/2023\/06\/03-2021-Duke-Gold-Finale-Tag-2-138.png\" \/>\n\t<meta property=\"og:image:width\" content=\"1024\" \/>\n\t<meta property=\"og:image:height\" content=\"682\" \/>\n\t<meta property=\"og:image:type\" content=\"image\/png\" \/>\n<meta name=\"twitter:card\" content=\"summary_large_image\" \/>\n<meta name=\"twitter:label1\" content=\"Est. reading time\" \/>\n\t<meta name=\"twitter:data1\" content=\"1 minute\" \/>\n<script type=\"application\/ld+json\" class=\"yoast-schema-graph\">{\"@context\":\"https:\/\/schema.org\",\"@graph\":[{\"@type\":\"WebPage\",\"@id\":\"https:\/\/duke-award.de\/en\/run\/\",\"url\":\"https:\/\/duke-award.de\/en\/run\/\",\"name\":\"Run the Award\",\"isPartOf\":{\"@id\":\"https:\/\/duke-award.de\/en\/#website\"},\"primaryImageOfPage\":{\"@id\":\"https:\/\/duke-award.de\/en\/run\/#primaryimage\"},\"image\":{\"@id\":\"https:\/\/duke-award.de\/en\/run\/#primaryimage\"},\"thumbnailUrl\":\"https:\/\/duke-award.de\/wp-content\/uploads\/2023\/06\/03-2021-Duke-Gold-Finale-Tag-2-138.png\",\"datePublished\":\"2019-02-08T10:18:42+00:00\",\"dateModified\":\"2024-08-28T15:50:28+00:00\",\"description\":\"Sie m\u00f6chten Talente junger Menschen f\u00f6rdern und entwickeln? Bieten Sie den Duke of Edinburgh\u00b4s International Award in Ihrer Institution an!\",\"inLanguage\":\"en-US\",\"potentialAction\":[{\"@type\":\"ReadAction\",\"target\":[\"https:\/\/duke-award.de\/en\/run\/\"]}]},{\"@type\":\"ImageObject\",\"inLanguage\":\"en-US\",\"@id\":\"https:\/\/duke-award.de\/en\/run\/#primaryimage\",\"url\":\"https:\/\/duke-award.de\/wp-content\/uploads\/2023\/06\/03-2021-Duke-Gold-Finale-Tag-2-138.png\",\"contentUrl\":\"https:\/\/duke-award.de\/wp-content\/uploads\/2023\/06\/03-2021-Duke-Gold-Finale-Tag-2-138.png\",\"width\":1024,\"height\":682},{\"@type\":\"WebSite\",\"@id\":\"https:\/\/duke-award.de\/en\/#website\",\"url\":\"https:\/\/duke-award.de\/en\/\",\"name\":\"duke-award.de\",\"description\":\"Pers\u00f6nlichkeitsentwicklung\",\"publisher\":{\"@id\":\"https:\/\/duke-award.de\/en\/#organization\"},\"potentialAction\":[{\"@type\":\"SearchAction\",\"target\":{\"@type\":\"EntryPoint\",\"urlTemplate\":\"https:\/\/duke-award.de\/en\/?s={search_term_string}\"},\"query-input\":{\"@type\":\"PropertyValueSpecification\",\"valueRequired\":true,\"valueName\":\"search_term_string\"}}],\"inLanguage\":\"en-US\"},{\"@type\":\"Organization\",\"@id\":\"https:\/\/duke-award.de\/en\/#organization\",\"name\":\"The Duke of Edinburgh's International Award - Germany\",\"url\":\"https:\/\/duke-award.de\/en\/\",\"logo\":{\"@type\":\"ImageObject\",\"inLanguage\":\"en-US\",\"@id\":\"https:\/\/duke-award.de\/en\/#\/schema\/logo\/image\/\",\"url\":\"https:\/\/duke-award.de\/wp-content\/uploads\/2023\/08\/Logo-Duke-Award.png\",\"contentUrl\":\"https:\/\/duke-award.de\/wp-content\/uploads\/2023\/08\/Logo-Duke-Award.png\",\"width\":3004,\"height\":1075,\"caption\":\"The Duke of Edinburgh's International Award - Germany\"},\"image\":{\"@id\":\"https:\/\/duke-award.de\/en\/#\/schema\/logo\/image\/\"},\"sameAs\":[\"https:\/\/www.facebook.com\/DukeAwardGermany\",\"https:\/\/www.instagram.com\/dukeaward\/\"]}]}<\/script>\n<!-- \/ Yoast SEO plugin. -->","yoast_head_json":{"title":"Run the Award","description":"Sie m\u00f6chten Talente junger Menschen f\u00f6rdern und entwickeln? Bieten Sie den Duke of Edinburgh\u00b4s International Award in Ihrer Institution an!","robots":{"index":"index","follow":"follow","max-snippet":"max-snippet:-1","max-image-preview":"max-image-preview:large","max-video-preview":"max-video-preview:-1"},"canonical":"https:\/\/duke-award.de\/en\/run\/","og_locale":"en_US","og_type":"article","og_title":"Run the Award","og_description":"Sie m\u00f6chten Talente junger Menschen f\u00f6rdern und entwickeln? Bieten Sie den Duke of Edinburgh\u00b4s International Award in Ihrer Institution an!","og_url":"https:\/\/duke-award.de\/en\/run\/","og_site_name":"The Duke of Edinburgh&#039;s Award","article_publisher":"https:\/\/www.facebook.com\/DukeAwardGermany","article_modified_time":"2024-08-28T15:50:28+00:00","og_image":[{"width":1024,"height":682,"url":"https:\/\/duke-award.de\/wp-content\/uploads\/2023\/06\/03-2021-Duke-Gold-Finale-Tag-2-138.png","type":"image\/png"}],"twitter_card":"summary_large_image","twitter_misc":{"Est. reading time":"1 minute"},"schema":{"@context":"https:\/\/schema.org","@graph":[{"@type":"WebPage","@id":"https:\/\/duke-award.de\/en\/run\/","url":"https:\/\/duke-award.de\/en\/run\/","name":"Run the Award","isPartOf":{"@id":"https:\/\/duke-award.de\/en\/#website"},"primaryImageOfPage":{"@id":"https:\/\/duke-award.de\/en\/run\/#primaryimage"},"image":{"@id":"https:\/\/duke-award.de\/en\/run\/#primaryimage"},"thumbnailUrl":"https:\/\/duke-award.de\/wp-content\/uploads\/2023\/06\/03-2021-Duke-Gold-Finale-Tag-2-138.png","datePublished":"2019-02-08T10:18:42+00:00","dateModified":"2024-08-28T15:50:28+00:00","description":"Sie m\u00f6chten Talente junger Menschen f\u00f6rdern und entwickeln? Bieten Sie den Duke of Edinburgh\u00b4s International Award in Ihrer Institution an!","inLanguage":"en-US","potentialAction":[{"@type":"ReadAction","target":["https:\/\/duke-award.de\/en\/run\/"]}]},{"@type":"ImageObject","inLanguage":"en-US","@id":"https:\/\/duke-award.de\/en\/run\/#primaryimage","url":"https:\/\/duke-award.de\/wp-content\/uploads\/2023\/06\/03-2021-Duke-Gold-Finale-Tag-2-138.png","contentUrl":"https:\/\/duke-award.de\/wp-content\/uploads\/2023\/06\/03-2021-Duke-Gold-Finale-Tag-2-138.png","width":1024,"height":682},{"@type":"WebSite","@id":"https:\/\/duke-award.de\/en\/#website","url":"https:\/\/duke-award.de\/en\/","name":"duke-award.de","description":"Pers\u00f6nlichkeitsentwicklung","publisher":{"@id":"https:\/\/duke-award.de\/en\/#organization"},"potentialAction":[{"@type":"SearchAction","target":{"@type":"EntryPoint","urlTemplate":"https:\/\/duke-award.de\/en\/?s={search_term_string}"},"query-input":{"@type":"PropertyValueSpecification","valueRequired":true,"valueName":"search_term_string"}}],"inLanguage":"en-US"},{"@type":"Organization","@id":"https:\/\/duke-award.de\/en\/#organization","name":"The Duke of Edinburgh's International Award - Germany","url":"https:\/\/duke-award.de\/en\/","logo":{"@type":"ImageObject","inLanguage":"en-US","@id":"https:\/\/duke-award.de\/en\/#\/schema\/logo\/image\/","url":"https:\/\/duke-award.de\/wp-content\/uploads\/2023\/08\/Logo-Duke-Award.png","contentUrl":"https:\/\/duke-award.de\/wp-content\/uploads\/2023\/08\/Logo-Duke-Award.png","width":3004,"height":1075,"caption":"The Duke of Edinburgh's International Award - Germany"},"image":{"@id":"https:\/\/duke-award.de\/en\/#\/schema\/logo\/image\/"},"sameAs":["https:\/\/www.facebook.com\/DukeAwardGermany","https:\/\/www.instagram.com\/dukeaward\/"]}]}},"_links":{"self":[{"href":"https:\/\/duke-award.de\/en\/wp-json\/wp\/v2\/pages\/78559","targetHints":{"allow":["GET"]}}],"collection":[{"href":"https:\/\/duke-award.de\/en\/wp-json\/wp\/v2\/pages"}],"about":[{"href":"https:\/\/duke-award.de\/en\/wp-json\/wp\/v2\/types\/page"}],"author":[{"embeddable":true,"href":"https:\/\/duke-award.de\/en\/wp-json\/wp\/v2\/users\/2"}],"replies":[{"embeddable":true,"href":"https:\/\/duke-award.de\/en\/wp-json\/wp\/v2\/comments?post=78559"}],"version-history":[{"count":32,"href":"https:\/\/duke-award.de\/en\/wp-json\/wp\/v2\/pages\/78559\/revisions"}],"predecessor-version":[{"id":87904,"href":"https:\/\/duke-award.de\/en\/wp-json\/wp\/v2\/pages\/78559\/revisions\/87904"}],"wp:featuredmedia":[{"embeddable":true,"href":"https:\/\/duke-award.de\/en\/wp-json\/wp\/v2\/media\/84165"}],"wp:attachment":[{"href":"https:\/\/duke-award.de\/en\/wp-json\/wp\/v2\/media?parent=78559"}],"curies":[{"name":"wp","href":"https:\/\/api.w.org\/{rel}","templated":true}]}}