{"id":78822,"date":"2019-04-01T13:23:40","date_gmt":"2019-04-01T13:23:40","guid":{"rendered":"https:\/\/duke-award.de\/do\/awardcompletion\/"},"modified":"2024-12-07T10:13:46","modified_gmt":"2024-12-07T10:13:46","slug":"award_erhalten","status":"publish","type":"page","link":"https:\/\/duke-award.de\/en\/do\/awardcompletion\/","title":{"rendered":"Receiving the Award"},"content":{"rendered":"<p>Du hast all die harte Arbeit geleistet, jetzt sorge daf\u00fcr, dass sie anerkannt wird, indem du eine prestigetr\u00e4chtige Auszeichnung erh\u00e4ltst, auf die Hochschulen, Universit\u00e4ten und Arbeitgeber achten. Hier zeigen wir dir, wie du den Award erh\u00e4ltst.<\/p>\n","protected":false},"excerpt":{"rendered":"<p>Du hast all die harte Arbeit geleistet, jetzt sorge daf\u00fcr, dass sie anerkannt wird, indem du eine prestigetr\u00e4chtige Auszeichnung erh\u00e4ltst, auf die Hochschulen, Universit\u00e4ten und Arbeitgeber achten. Hier zeigen wir dir, wie du den Award erh\u00e4ltst.<\/p>\n","protected":false},"author":2,"featured_media":0,"parent":78551,"menu_order":135,"comment_status":"closed","ping_status":"closed","template":"","meta":{"_acf_changed":false,"footnotes":""},"class_list":["post-78822","page","type-page","status-publish","hentry"],"acf":[],"yoast_head":"<!-- This site is optimized with the Yoast SEO plugin v26.5 - https:\/\/yoast.com\/wordpress\/plugins\/seo\/ -->\n<title>Receiving the Award - The Duke of Edinburgh&#039;s Award<\/title>\n<meta name=\"description\" content=\"Du hast all die harte Arbeit geleistet, jetzt sorge daf\u00fcr, dass sie anerkannt wird. Hier zeigen wir dir, wie du den Award erh\u00e4ltst.\" \/>\n<meta name=\"robots\" content=\"index, follow, max-snippet:-1, max-image-preview:large, max-video-preview:-1\" \/>\n<link rel=\"canonical\" href=\"https:\/\/duke-award.de\/en\/do\/awardcompletion\/\" \/>\n<meta property=\"og:locale\" content=\"en_US\" \/>\n<meta property=\"og:type\" content=\"article\" \/>\n<meta property=\"og:title\" content=\"Receiving the Award - The Duke of Edinburgh&#039;s Award\" \/>\n<meta property=\"og:description\" content=\"Du hast all die harte Arbeit geleistet, jetzt sorge daf\u00fcr, dass sie anerkannt wird. Hier zeigen wir dir, wie du den Award erh\u00e4ltst.\" \/>\n<meta property=\"og:url\" content=\"https:\/\/duke-award.de\/en\/do\/awardcompletion\/\" \/>\n<meta property=\"og:site_name\" content=\"The Duke of Edinburgh&#039;s Award\" \/>\n<meta property=\"article:publisher\" content=\"https:\/\/www.facebook.com\/DukeAwardGermany\" \/>\n<meta property=\"article:modified_time\" content=\"2024-12-07T10:13:46+00:00\" \/>\n<meta name=\"twitter:card\" content=\"summary_large_image\" \/>\n<meta name=\"twitter:label1\" content=\"Est. reading time\" \/>\n\t<meta name=\"twitter:data1\" content=\"1 minute\" \/>\n<script type=\"application\/ld+json\" class=\"yoast-schema-graph\">{\"@context\":\"https:\/\/schema.org\",\"@graph\":[{\"@type\":\"WebPage\",\"@id\":\"https:\/\/duke-award.de\/en\/do\/awardcompletion\/\",\"url\":\"https:\/\/duke-award.de\/en\/do\/awardcompletion\/\",\"name\":\"Receiving the Award - The Duke of Edinburgh&#039;s Award\",\"isPartOf\":{\"@id\":\"https:\/\/duke-award.de\/en\/#website\"},\"datePublished\":\"2019-04-01T13:23:40+00:00\",\"dateModified\":\"2024-12-07T10:13:46+00:00\",\"description\":\"Du hast all die harte Arbeit geleistet, jetzt sorge daf\u00fcr, dass sie anerkannt wird. Hier zeigen wir dir, wie du den Award erh\u00e4ltst.\",\"breadcrumb\":{\"@id\":\"https:\/\/duke-award.de\/en\/do\/awardcompletion\/#breadcrumb\"},\"inLanguage\":\"en-US\",\"potentialAction\":[{\"@type\":\"ReadAction\",\"target\":[\"https:\/\/duke-award.de\/en\/do\/awardcompletion\/\"]}]},{\"@type\":\"BreadcrumbList\",\"@id\":\"https:\/\/duke-award.de\/en\/do\/awardcompletion\/#breadcrumb\",\"itemListElement\":[{\"@type\":\"ListItem\",\"position\":1,\"name\":\"Do the Award\",\"item\":\"https:\/\/duke-award.de\/en\/do\/\"},{\"@type\":\"ListItem\",\"position\":2,\"name\":\"Receiving the Award\"}]},{\"@type\":\"WebSite\",\"@id\":\"https:\/\/duke-award.de\/en\/#website\",\"url\":\"https:\/\/duke-award.de\/en\/\",\"name\":\"duke-award.de\",\"description\":\"Pers\u00f6nlichkeitsentwicklung\",\"publisher\":{\"@id\":\"https:\/\/duke-award.de\/en\/#organization\"},\"potentialAction\":[{\"@type\":\"SearchAction\",\"target\":{\"@type\":\"EntryPoint\",\"urlTemplate\":\"https:\/\/duke-award.de\/en\/?s={search_term_string}\"},\"query-input\":{\"@type\":\"PropertyValueSpecification\",\"valueRequired\":true,\"valueName\":\"search_term_string\"}}],\"inLanguage\":\"en-US\"},{\"@type\":\"Organization\",\"@id\":\"https:\/\/duke-award.de\/en\/#organization\",\"name\":\"The Duke of Edinburgh's International Award - Germany\",\"url\":\"https:\/\/duke-award.de\/en\/\",\"logo\":{\"@type\":\"ImageObject\",\"inLanguage\":\"en-US\",\"@id\":\"https:\/\/duke-award.de\/en\/#\/schema\/logo\/image\/\",\"url\":\"https:\/\/duke-award.de\/wp-content\/uploads\/2023\/08\/Logo-Duke-Award.png\",\"contentUrl\":\"https:\/\/duke-award.de\/wp-content\/uploads\/2023\/08\/Logo-Duke-Award.png\",\"width\":3004,\"height\":1075,\"caption\":\"The Duke of Edinburgh's International Award - Germany\"},\"image\":{\"@id\":\"https:\/\/duke-award.de\/en\/#\/schema\/logo\/image\/\"},\"sameAs\":[\"https:\/\/www.facebook.com\/DukeAwardGermany\",\"https:\/\/www.instagram.com\/dukeaward\/\"]}]}<\/script>\n<!-- \/ Yoast SEO plugin. -->","yoast_head_json":{"title":"Receiving the Award - The Duke of Edinburgh&#039;s Award","description":"Du hast all die harte Arbeit geleistet, jetzt sorge daf\u00fcr, dass sie anerkannt wird. Hier zeigen wir dir, wie du den Award erh\u00e4ltst.","robots":{"index":"index","follow":"follow","max-snippet":"max-snippet:-1","max-image-preview":"max-image-preview:large","max-video-preview":"max-video-preview:-1"},"canonical":"https:\/\/duke-award.de\/en\/do\/awardcompletion\/","og_locale":"en_US","og_type":"article","og_title":"Receiving the Award - The Duke of Edinburgh&#039;s Award","og_description":"Du hast all die harte Arbeit geleistet, jetzt sorge daf\u00fcr, dass sie anerkannt wird. Hier zeigen wir dir, wie du den Award erh\u00e4ltst.","og_url":"https:\/\/duke-award.de\/en\/do\/awardcompletion\/","og_site_name":"The Duke of Edinburgh&#039;s Award","article_publisher":"https:\/\/www.facebook.com\/DukeAwardGermany","article_modified_time":"2024-12-07T10:13:46+00:00","twitter_card":"summary_large_image","twitter_misc":{"Est. reading time":"1 minute"},"schema":{"@context":"https:\/\/schema.org","@graph":[{"@type":"WebPage","@id":"https:\/\/duke-award.de\/en\/do\/awardcompletion\/","url":"https:\/\/duke-award.de\/en\/do\/awardcompletion\/","name":"Receiving the Award - The Duke of Edinburgh&#039;s Award","isPartOf":{"@id":"https:\/\/duke-award.de\/en\/#website"},"datePublished":"2019-04-01T13:23:40+00:00","dateModified":"2024-12-07T10:13:46+00:00","description":"Du hast all die harte Arbeit geleistet, jetzt sorge daf\u00fcr, dass sie anerkannt wird. Hier zeigen wir dir, wie du den Award erh\u00e4ltst.","breadcrumb":{"@id":"https:\/\/duke-award.de\/en\/do\/awardcompletion\/#breadcrumb"},"inLanguage":"en-US","potentialAction":[{"@type":"ReadAction","target":["https:\/\/duke-award.de\/en\/do\/awardcompletion\/"]}]},{"@type":"BreadcrumbList","@id":"https:\/\/duke-award.de\/en\/do\/awardcompletion\/#breadcrumb","itemListElement":[{"@type":"ListItem","position":1,"name":"Do the Award","item":"https:\/\/duke-award.de\/en\/do\/"},{"@type":"ListItem","position":2,"name":"Receiving the Award"}]},{"@type":"WebSite","@id":"https:\/\/duke-award.de\/en\/#website","url":"https:\/\/duke-award.de\/en\/","name":"duke-award.de","description":"Pers\u00f6nlichkeitsentwicklung","publisher":{"@id":"https:\/\/duke-award.de\/en\/#organization"},"potentialAction":[{"@type":"SearchAction","target":{"@type":"EntryPoint","urlTemplate":"https:\/\/duke-award.de\/en\/?s={search_term_string}"},"query-input":{"@type":"PropertyValueSpecification","valueRequired":true,"valueName":"search_term_string"}}],"inLanguage":"en-US"},{"@type":"Organization","@id":"https:\/\/duke-award.de\/en\/#organization","name":"The Duke of Edinburgh's International Award - Germany","url":"https:\/\/duke-award.de\/en\/","logo":{"@type":"ImageObject","inLanguage":"en-US","@id":"https:\/\/duke-award.de\/en\/#\/schema\/logo\/image\/","url":"https:\/\/duke-award.de\/wp-content\/uploads\/2023\/08\/Logo-Duke-Award.png","contentUrl":"https:\/\/duke-award.de\/wp-content\/uploads\/2023\/08\/Logo-Duke-Award.png","width":3004,"height":1075,"caption":"The Duke of Edinburgh's International Award - Germany"},"image":{"@id":"https:\/\/duke-award.de\/en\/#\/schema\/logo\/image\/"},"sameAs":["https:\/\/www.facebook.com\/DukeAwardGermany","https:\/\/www.instagram.com\/dukeaward\/"]}]}},"_links":{"self":[{"href":"https:\/\/duke-award.de\/en\/wp-json\/wp\/v2\/pages\/78822","targetHints":{"allow":["GET"]}}],"collection":[{"href":"https:\/\/duke-award.de\/en\/wp-json\/wp\/v2\/pages"}],"about":[{"href":"https:\/\/duke-award.de\/en\/wp-json\/wp\/v2\/types\/page"}],"author":[{"embeddable":true,"href":"https:\/\/duke-award.de\/en\/wp-json\/wp\/v2\/users\/2"}],"replies":[{"embeddable":true,"href":"https:\/\/duke-award.de\/en\/wp-json\/wp\/v2\/comments?post=78822"}],"version-history":[{"count":12,"href":"https:\/\/duke-award.de\/en\/wp-json\/wp\/v2\/pages\/78822\/revisions"}],"predecessor-version":[{"id":88586,"href":"https:\/\/duke-award.de\/en\/wp-json\/wp\/v2\/pages\/78822\/revisions\/88586"}],"up":[{"embeddable":true,"href":"https:\/\/duke-award.de\/en\/wp-json\/wp\/v2\/pages\/78551"}],"wp:attachment":[{"href":"https:\/\/duke-award.de\/en\/wp-json\/wp\/v2\/media?parent=78822"}],"curies":[{"name":"wp","href":"https:\/\/api.w.org\/{rel}","templated":true}]}}