{"id":83246,"date":"2021-01-15T12:17:33","date_gmt":"2021-01-15T12:17:33","guid":{"rendered":"https:\/\/duke-award.de\/presse\/"},"modified":"2026-03-11T13:02:59","modified_gmt":"2026-03-11T13:02:59","slug":"presse","status":"publish","type":"page","link":"https:\/\/duke-award.de\/en\/presse\/","title":{"rendered":"Pressebereich"},"content":{"rendered":"<p>Im Pressebereich finden Sie die aktuellen und archivierten Meldungen vom Duke Award. Unsere Pressesprecherin steht Ihnen bei R\u00fcckfragen, f\u00fcr Interviews sowie bei der Suche nach Foto- und TV-Material gerne zur Verf\u00fcgung.<\/p>\n","protected":false},"excerpt":{"rendered":"<p>Im Pressebereich finden Sie die aktuellen und archivierten Meldungen vom Duke Award. Unsere Pressesprecherin steht Ihnen bei R\u00fcckfragen, f\u00fcr Interviews sowie bei der Suche nach Foto- und TV-Material gerne zur Verf\u00fcgung.<\/p>\n","protected":false},"author":73,"featured_media":0,"parent":0,"menu_order":94,"comment_status":"closed","ping_status":"closed","template":"","meta":{"_acf_changed":false,"footnotes":""},"class_list":["post-83246","page","type-page","status-publish","hentry"],"acf":[],"yoast_head":"<!-- This site is optimized with the Yoast SEO plugin v26.5 - https:\/\/yoast.com\/wordpress\/plugins\/seo\/ -->\n<title>Pressebereich - The Duke of Edinburgh&#039;s Award<\/title>\n<meta name=\"description\" content=\"In unserem Pressebereich finden Sie Pressemitteilungen, unsere Pressemappe und Kontaktdaten f\u00fcr journalistische Anfragen.\" \/>\n<meta name=\"robots\" content=\"index, follow, max-snippet:-1, max-image-preview:large, max-video-preview:-1\" \/>\n<link rel=\"canonical\" href=\"https:\/\/duke-award.de\/en\/presse\/\" \/>\n<meta property=\"og:locale\" content=\"en_US\" \/>\n<meta property=\"og:type\" content=\"article\" \/>\n<meta property=\"og:title\" content=\"Pressebereich - The Duke of Edinburgh&#039;s Award\" \/>\n<meta property=\"og:description\" content=\"In unserem Pressebereich finden Sie Pressemitteilungen, unsere Pressemappe und Kontaktdaten f\u00fcr journalistische Anfragen.\" \/>\n<meta property=\"og:url\" content=\"https:\/\/duke-award.de\/en\/presse\/\" \/>\n<meta property=\"og:site_name\" content=\"The Duke of Edinburgh&#039;s Award\" \/>\n<meta property=\"article:publisher\" content=\"https:\/\/www.facebook.com\/DukeAwardGermany\" \/>\n<meta property=\"article:modified_time\" content=\"2026-03-11T13:02:59+00:00\" \/>\n<meta name=\"twitter:card\" content=\"summary_large_image\" \/>\n<meta name=\"twitter:label1\" content=\"Est. reading time\" \/>\n\t<meta name=\"twitter:data1\" content=\"1 minute\" \/>\n<script type=\"application\/ld+json\" class=\"yoast-schema-graph\">{\"@context\":\"https:\/\/schema.org\",\"@graph\":[{\"@type\":\"WebPage\",\"@id\":\"https:\/\/duke-award.de\/en\/presse\/\",\"url\":\"https:\/\/duke-award.de\/en\/presse\/\",\"name\":\"Pressebereich - The Duke of Edinburgh&#039;s Award\",\"isPartOf\":{\"@id\":\"https:\/\/duke-award.de\/en\/#website\"},\"datePublished\":\"2021-01-15T12:17:33+00:00\",\"dateModified\":\"2026-03-11T13:02:59+00:00\",\"description\":\"In unserem Pressebereich finden Sie Pressemitteilungen, unsere Pressemappe und Kontaktdaten f\u00fcr journalistische Anfragen.\",\"inLanguage\":\"en-US\",\"potentialAction\":[{\"@type\":\"ReadAction\",\"target\":[\"https:\/\/duke-award.de\/en\/presse\/\"]}]},{\"@type\":\"WebSite\",\"@id\":\"https:\/\/duke-award.de\/en\/#website\",\"url\":\"https:\/\/duke-award.de\/en\/\",\"name\":\"duke-award.de\",\"description\":\"Pers\u00f6nlichkeitsentwicklung\",\"publisher\":{\"@id\":\"https:\/\/duke-award.de\/en\/#organization\"},\"potentialAction\":[{\"@type\":\"SearchAction\",\"target\":{\"@type\":\"EntryPoint\",\"urlTemplate\":\"https:\/\/duke-award.de\/en\/?s={search_term_string}\"},\"query-input\":{\"@type\":\"PropertyValueSpecification\",\"valueRequired\":true,\"valueName\":\"search_term_string\"}}],\"inLanguage\":\"en-US\"},{\"@type\":\"Organization\",\"@id\":\"https:\/\/duke-award.de\/en\/#organization\",\"name\":\"The Duke of Edinburgh's International Award - Germany\",\"url\":\"https:\/\/duke-award.de\/en\/\",\"logo\":{\"@type\":\"ImageObject\",\"inLanguage\":\"en-US\",\"@id\":\"https:\/\/duke-award.de\/en\/#\/schema\/logo\/image\/\",\"url\":\"https:\/\/duke-award.de\/wp-content\/uploads\/2023\/08\/Logo-Duke-Award.png\",\"contentUrl\":\"https:\/\/duke-award.de\/wp-content\/uploads\/2023\/08\/Logo-Duke-Award.png\",\"width\":3004,\"height\":1075,\"caption\":\"The Duke of Edinburgh's International Award - Germany\"},\"image\":{\"@id\":\"https:\/\/duke-award.de\/en\/#\/schema\/logo\/image\/\"},\"sameAs\":[\"https:\/\/www.facebook.com\/DukeAwardGermany\",\"https:\/\/www.instagram.com\/dukeaward\/\"]}]}<\/script>\n<!-- \/ Yoast SEO plugin. -->","yoast_head_json":{"title":"Pressebereich - The Duke of Edinburgh&#039;s Award","description":"In unserem Pressebereich finden Sie Pressemitteilungen, unsere Pressemappe und Kontaktdaten f\u00fcr journalistische Anfragen.","robots":{"index":"index","follow":"follow","max-snippet":"max-snippet:-1","max-image-preview":"max-image-preview:large","max-video-preview":"max-video-preview:-1"},"canonical":"https:\/\/duke-award.de\/en\/presse\/","og_locale":"en_US","og_type":"article","og_title":"Pressebereich - The Duke of Edinburgh&#039;s Award","og_description":"In unserem Pressebereich finden Sie Pressemitteilungen, unsere Pressemappe und Kontaktdaten f\u00fcr journalistische Anfragen.","og_url":"https:\/\/duke-award.de\/en\/presse\/","og_site_name":"The Duke of Edinburgh&#039;s Award","article_publisher":"https:\/\/www.facebook.com\/DukeAwardGermany","article_modified_time":"2026-03-11T13:02:59+00:00","twitter_card":"summary_large_image","twitter_misc":{"Est. reading time":"1 minute"},"schema":{"@context":"https:\/\/schema.org","@graph":[{"@type":"WebPage","@id":"https:\/\/duke-award.de\/en\/presse\/","url":"https:\/\/duke-award.de\/en\/presse\/","name":"Pressebereich - The Duke of Edinburgh&#039;s Award","isPartOf":{"@id":"https:\/\/duke-award.de\/en\/#website"},"datePublished":"2021-01-15T12:17:33+00:00","dateModified":"2026-03-11T13:02:59+00:00","description":"In unserem Pressebereich finden Sie Pressemitteilungen, unsere Pressemappe und Kontaktdaten f\u00fcr journalistische Anfragen.","inLanguage":"en-US","potentialAction":[{"@type":"ReadAction","target":["https:\/\/duke-award.de\/en\/presse\/"]}]},{"@type":"WebSite","@id":"https:\/\/duke-award.de\/en\/#website","url":"https:\/\/duke-award.de\/en\/","name":"duke-award.de","description":"Pers\u00f6nlichkeitsentwicklung","publisher":{"@id":"https:\/\/duke-award.de\/en\/#organization"},"potentialAction":[{"@type":"SearchAction","target":{"@type":"EntryPoint","urlTemplate":"https:\/\/duke-award.de\/en\/?s={search_term_string}"},"query-input":{"@type":"PropertyValueSpecification","valueRequired":true,"valueName":"search_term_string"}}],"inLanguage":"en-US"},{"@type":"Organization","@id":"https:\/\/duke-award.de\/en\/#organization","name":"The Duke of Edinburgh's International Award - Germany","url":"https:\/\/duke-award.de\/en\/","logo":{"@type":"ImageObject","inLanguage":"en-US","@id":"https:\/\/duke-award.de\/en\/#\/schema\/logo\/image\/","url":"https:\/\/duke-award.de\/wp-content\/uploads\/2023\/08\/Logo-Duke-Award.png","contentUrl":"https:\/\/duke-award.de\/wp-content\/uploads\/2023\/08\/Logo-Duke-Award.png","width":3004,"height":1075,"caption":"The Duke of Edinburgh's International Award - Germany"},"image":{"@id":"https:\/\/duke-award.de\/en\/#\/schema\/logo\/image\/"},"sameAs":["https:\/\/www.facebook.com\/DukeAwardGermany","https:\/\/www.instagram.com\/dukeaward\/"]}]}},"_links":{"self":[{"href":"https:\/\/duke-award.de\/en\/wp-json\/wp\/v2\/pages\/83246","targetHints":{"allow":["GET"]}}],"collection":[{"href":"https:\/\/duke-award.de\/en\/wp-json\/wp\/v2\/pages"}],"about":[{"href":"https:\/\/duke-award.de\/en\/wp-json\/wp\/v2\/types\/page"}],"author":[{"embeddable":true,"href":"https:\/\/duke-award.de\/en\/wp-json\/wp\/v2\/users\/73"}],"replies":[{"embeddable":true,"href":"https:\/\/duke-award.de\/en\/wp-json\/wp\/v2\/comments?post=83246"}],"version-history":[{"count":30,"href":"https:\/\/duke-award.de\/en\/wp-json\/wp\/v2\/pages\/83246\/revisions"}],"predecessor-version":[{"id":90585,"href":"https:\/\/duke-award.de\/en\/wp-json\/wp\/v2\/pages\/83246\/revisions\/90585"}],"wp:attachment":[{"href":"https:\/\/duke-award.de\/en\/wp-json\/wp\/v2\/media?parent=83246"}],"curies":[{"name":"wp","href":"https:\/\/api.w.org\/{rel}","templated":true}]}}