{"id":89188,"date":"2025-04-14T10:16:18","date_gmt":"2025-04-14T10:16:18","guid":{"rendered":"https:\/\/duke-award.de\/?page_id=89188"},"modified":"2026-01-02T16:22:26","modified_gmt":"2026-01-02T16:22:26","slug":"engagement-verantwortung-baden-wuerttemberg","status":"publish","type":"page","link":"https:\/\/duke-award.de\/engagement-verantwortung-baden-wuerttemberg\/","title":{"rendered":"&#8220;Engagement &#038; Verantwortung&#8221; Baden-W\u00fcrttemberg"},"content":{"rendered":"<p>Schulisches Lernen findet nicht alleine in der Schule, sondern auch au\u00dferhalb der Schule statt.<\/p>\n<p>In Baden-W\u00fcrttemberg ist ab dem Schuljahr 2025\/26 die Durchf\u00fchrung des projektorientierten Vorhabens \u201eEngagement und Verantwortung\u201c verpflichtend.<\/p>\n<p>Au\u00dferhalb ihres gewohnten Umfeldes<\/p>\n<ul class=\"rteList\">\n<li>engagieren sich Sch\u00fclerinnen und Sch\u00fcler ein f\u00fcr andere Menschen im Stadtteil\u00a0 oder in der Gemeinde,<\/li>\n<li>setzen sie sich f\u00fcr soziale, \u00f6kologische, kulturelle oder politische Belange ein,<\/li>\n<li>sammeln sie Erfahrungen, die im Unterrichtsalltag wieder aufgegriffen werden k\u00f6nnen.<\/li>\n<\/ul>\n<p>Dabei gewinnen alle:<\/p>\n<p><strong>Sch\u00fcler und Sch\u00fclerinnen<\/strong><\/p>\n<ul class=\"rteList\">\n<li>entdecken neue Lernorte f\u00fcr sich,<\/li>\n<li>wenden ihr Wissen und ihre Kompetenzen in lebensnahen Situationen an,<\/li>\n<li>erkennen einen \u201eSinn\u201c in ihrem Helfen,<\/li>\n<li>leisten einen echten Beitrag zum Gemeinwohl, erfahren sich dabei neu und erleben Selbstwirksamkeit,<\/li>\n<li>erfahren Wertsch\u00e4tzung, Anerkennung und unmittelbares Feedback,<\/li>\n<li>gewinnen mehr Motivation f\u00fcr Unterricht und Schule.<\/li>\n<\/ul>\n<p><strong>Schulen<\/strong><\/p>\n<ul class=\"rteList\">\n<li>\u00f6ffnen sich nach au\u00dfen und werden im Stadtteil\/ Gemeinde sichtbar.<\/li>\n<li>erschlie\u00dfen ihren Sch\u00fclern und Sch\u00fclerinnen neue Erfahrungsr\u00e4ume.<\/li>\n<\/ul>\n<p><strong>Gesellschaft<\/strong><\/p>\n<ul class=\"rteList\">\n<li>gewinnt eine Generation junger engagierter Menschen.<\/li>\n<li>gewinnt an Zusammenhalt und Toleranz.<\/li>\n<\/ul>\n<p><strong>Engagementpartner<\/strong><\/p>\n<ul class=\"rteList\">\n<li>erfahren konkrete Unterst\u00fctzung durch die Sch\u00fcler und Sch\u00fclerinnen,<\/li>\n<li>wecken f\u00fcr ihre Belange das Interesse bei Sch\u00fclern und Sch\u00fclerinnen,<\/li>\n<li>tragen zur Nachwuchsf\u00f6rderung in Bezug auf Engagement bei,<\/li>\n<li>er\u00f6ffnen Sch\u00fclerinnen und Sch\u00fclern Berufsfelder.<\/li>\n<\/ul>\n<p>Projekte sind inzwischen ein selbstverst\u00e4ndlicher Teil schulischen Lernens. F\u00fcr den Reformp\u00e4dagogen John Dewey zeichnet sich ein Projekt durch folgende Merkmale aus:<\/p>\n<ul class=\"rteList\">\n<li>Handlungsorientierung,<\/li>\n<li>Selbstorganisation,<\/li>\n<li>kooperatives, soziales Lernen,<\/li>\n<li>Situationsbezogenheit mit Bezug zum wirklichen Leben,<\/li>\n<li>Interessenbezogenheit,<\/li>\n<li>zielgerichtete Planung,<\/li>\n<li>f\u00e4cher\u00fcbergreifend,<\/li>\n<li>gesellschaftliche Relevanz,<\/li>\n<li>Ganzheitlichkeit,<\/li>\n<li>demokratische Unterrichtsgestaltung,<\/li>\n<li>Einbeziehung au\u00dferschulischer Lernorte.<\/li>\n<\/ul>\n<p>Als Rahmen f\u00fcr das Projekt &#8220;Engagement &amp; Verantwortung&#8221; erf\u00fcllt der Duke of Edinburgh&#8217;s International Award die genannten Kriterien.<\/p>\n<p>Kontaktieren Sie uns gerne f\u00fcr weitere Informationen unter info@duke-award.de!<\/p>\n<p>Weitere Informationen finden sich hier: <a href=\"https:\/\/km.baden-wuerttemberg.de\/de\/schule\/faecheruebergreifend\/lernen-durch-engagement\">https:\/\/km.baden-wuerttemberg.de\/de\/schule\/faecheruebergreifend\/lernen-durch-engagement<\/a><\/p>\n<p>&nbsp;<\/p>\n","protected":false},"excerpt":{"rendered":"<p>Schulisches Lernen findet nicht alleine in der Schule, sondern auch au\u00dferhalb der Schule statt. In Baden-W\u00fcrttemberg ist ab dem Schuljahr 2025\/26 die Durchf\u00fchrung des projektorientierten Vorhabens \u201eEngagement und Verantwortung\u201c verpflichtend. Au\u00dferhalb ihres gewohnten Umfeldes engagieren sich Sch\u00fclerinnen und Sch\u00fcler ein f\u00fcr andere Menschen im Stadtteil\u00a0 oder in der Gemeinde, setzen sie sich f\u00fcr soziale, \u00f6kologische, [&hellip;]<\/p>\n","protected":false},"author":73,"featured_media":0,"parent":0,"menu_order":16,"comment_status":"closed","ping_status":"closed","template":"","meta":{"_acf_changed":false,"footnotes":""},"class_list":["post-89188","page","type-page","status-publish","hentry"],"acf":[],"yoast_head":"<!-- This site is optimized with the Yoast SEO plugin v26.5 - https:\/\/yoast.com\/wordpress\/plugins\/seo\/ -->\n<title>&quot;Engagement &amp; Verantwortung&quot; Baden-W\u00fcrttemberg - The Duke of Edinburgh&#039;s Award<\/title>\n<meta name=\"robots\" content=\"index, follow, max-snippet:-1, max-image-preview:large, max-video-preview:-1\" \/>\n<link rel=\"canonical\" href=\"https:\/\/duke-award.de\/en\/engagement-verantwortung-baden-wuerttemberg\/\" \/>\n<meta property=\"og:locale\" content=\"en_US\" \/>\n<meta property=\"og:type\" content=\"article\" \/>\n<meta property=\"og:title\" content=\"&quot;Engagement &amp; Verantwortung&quot; Baden-W\u00fcrttemberg - The Duke of Edinburgh&#039;s Award\" \/>\n<meta property=\"og:description\" content=\"Schulisches Lernen findet nicht alleine in der Schule, sondern auch au\u00dferhalb der Schule statt. In Baden-W\u00fcrttemberg ist ab dem Schuljahr 2025\/26 die Durchf\u00fchrung des projektorientierten Vorhabens \u201eEngagement und Verantwortung\u201c verpflichtend. Au\u00dferhalb ihres gewohnten Umfeldes engagieren sich Sch\u00fclerinnen und Sch\u00fcler ein f\u00fcr andere Menschen im Stadtteil\u00a0 oder in der Gemeinde, setzen sie sich f\u00fcr soziale, \u00f6kologische, [&hellip;]\" \/>\n<meta property=\"og:url\" content=\"https:\/\/duke-award.de\/engagement-verantwortung-baden-wuerttemberg\/\" \/>\n<meta property=\"og:site_name\" content=\"The Duke of Edinburgh&#039;s Award\" \/>\n<meta property=\"article:publisher\" content=\"https:\/\/www.facebook.com\/DukeAwardGermany\" \/>\n<meta property=\"article:modified_time\" content=\"2026-01-02T16:22:26+00:00\" \/>\n<meta name=\"twitter:card\" content=\"summary_large_image\" \/>\n<meta name=\"twitter:label1\" content=\"Est. reading time\" \/>\n\t<meta name=\"twitter:data1\" content=\"2 minutes\" \/>\n<script type=\"application\/ld+json\" class=\"yoast-schema-graph\">{\"@context\":\"https:\/\/schema.org\",\"@graph\":[{\"@type\":\"WebPage\",\"@id\":\"https:\/\/duke-award.de\/engagement-verantwortung-baden-wuerttemberg\/\",\"url\":\"https:\/\/duke-award.de\/engagement-verantwortung-baden-wuerttemberg\/\",\"name\":\"\\\"Engagement & Verantwortung\\\" Baden-W\u00fcrttemberg - The Duke of Edinburgh&#039;s Award\",\"isPartOf\":{\"@id\":\"https:\/\/duke-award.de\/en\/#website\"},\"datePublished\":\"2025-04-14T10:16:18+00:00\",\"dateModified\":\"2026-01-02T16:22:26+00:00\",\"inLanguage\":\"en-US\",\"potentialAction\":[{\"@type\":\"ReadAction\",\"target\":[\"https:\/\/duke-award.de\/engagement-verantwortung-baden-wuerttemberg\/\"]}]},{\"@type\":\"WebSite\",\"@id\":\"https:\/\/duke-award.de\/en\/#website\",\"url\":\"https:\/\/duke-award.de\/en\/\",\"name\":\"duke-award.de\",\"description\":\"Pers\u00f6nlichkeitsentwicklung\",\"publisher\":{\"@id\":\"https:\/\/duke-award.de\/en\/#organization\"},\"potentialAction\":[{\"@type\":\"SearchAction\",\"target\":{\"@type\":\"EntryPoint\",\"urlTemplate\":\"https:\/\/duke-award.de\/en\/?s={search_term_string}\"},\"query-input\":{\"@type\":\"PropertyValueSpecification\",\"valueRequired\":true,\"valueName\":\"search_term_string\"}}],\"inLanguage\":\"en-US\"},{\"@type\":\"Organization\",\"@id\":\"https:\/\/duke-award.de\/en\/#organization\",\"name\":\"The Duke of Edinburgh's International Award - Germany\",\"url\":\"https:\/\/duke-award.de\/en\/\",\"logo\":{\"@type\":\"ImageObject\",\"inLanguage\":\"en-US\",\"@id\":\"https:\/\/duke-award.de\/en\/#\/schema\/logo\/image\/\",\"url\":\"https:\/\/duke-award.de\/wp-content\/uploads\/2023\/08\/Logo-Duke-Award.png\",\"contentUrl\":\"https:\/\/duke-award.de\/wp-content\/uploads\/2023\/08\/Logo-Duke-Award.png\",\"width\":3004,\"height\":1075,\"caption\":\"The Duke of Edinburgh's International Award - Germany\"},\"image\":{\"@id\":\"https:\/\/duke-award.de\/en\/#\/schema\/logo\/image\/\"},\"sameAs\":[\"https:\/\/www.facebook.com\/DukeAwardGermany\",\"https:\/\/www.instagram.com\/dukeaward\/\"]}]}<\/script>\n<!-- \/ Yoast SEO plugin. -->","yoast_head_json":{"title":"\"Engagement & Verantwortung\" Baden-W\u00fcrttemberg - The Duke of Edinburgh&#039;s Award","robots":{"index":"index","follow":"follow","max-snippet":"max-snippet:-1","max-image-preview":"max-image-preview:large","max-video-preview":"max-video-preview:-1"},"canonical":"https:\/\/duke-award.de\/en\/engagement-verantwortung-baden-wuerttemberg\/","og_locale":"en_US","og_type":"article","og_title":"\"Engagement & Verantwortung\" Baden-W\u00fcrttemberg - The Duke of Edinburgh&#039;s Award","og_description":"Schulisches Lernen findet nicht alleine in der Schule, sondern auch au\u00dferhalb der Schule statt. In Baden-W\u00fcrttemberg ist ab dem Schuljahr 2025\/26 die Durchf\u00fchrung des projektorientierten Vorhabens \u201eEngagement und Verantwortung\u201c verpflichtend. Au\u00dferhalb ihres gewohnten Umfeldes engagieren sich Sch\u00fclerinnen und Sch\u00fcler ein f\u00fcr andere Menschen im Stadtteil\u00a0 oder in der Gemeinde, setzen sie sich f\u00fcr soziale, \u00f6kologische, [&hellip;]","og_url":"https:\/\/duke-award.de\/engagement-verantwortung-baden-wuerttemberg\/","og_site_name":"The Duke of Edinburgh&#039;s Award","article_publisher":"https:\/\/www.facebook.com\/DukeAwardGermany","article_modified_time":"2026-01-02T16:22:26+00:00","twitter_card":"summary_large_image","twitter_misc":{"Est. reading time":"2 minutes"},"schema":{"@context":"https:\/\/schema.org","@graph":[{"@type":"WebPage","@id":"https:\/\/duke-award.de\/engagement-verantwortung-baden-wuerttemberg\/","url":"https:\/\/duke-award.de\/engagement-verantwortung-baden-wuerttemberg\/","name":"\"Engagement & Verantwortung\" Baden-W\u00fcrttemberg - The Duke of Edinburgh&#039;s Award","isPartOf":{"@id":"https:\/\/duke-award.de\/en\/#website"},"datePublished":"2025-04-14T10:16:18+00:00","dateModified":"2026-01-02T16:22:26+00:00","inLanguage":"en-US","potentialAction":[{"@type":"ReadAction","target":["https:\/\/duke-award.de\/engagement-verantwortung-baden-wuerttemberg\/"]}]},{"@type":"WebSite","@id":"https:\/\/duke-award.de\/en\/#website","url":"https:\/\/duke-award.de\/en\/","name":"duke-award.de","description":"Pers\u00f6nlichkeitsentwicklung","publisher":{"@id":"https:\/\/duke-award.de\/en\/#organization"},"potentialAction":[{"@type":"SearchAction","target":{"@type":"EntryPoint","urlTemplate":"https:\/\/duke-award.de\/en\/?s={search_term_string}"},"query-input":{"@type":"PropertyValueSpecification","valueRequired":true,"valueName":"search_term_string"}}],"inLanguage":"en-US"},{"@type":"Organization","@id":"https:\/\/duke-award.de\/en\/#organization","name":"The Duke of Edinburgh's International Award - Germany","url":"https:\/\/duke-award.de\/en\/","logo":{"@type":"ImageObject","inLanguage":"en-US","@id":"https:\/\/duke-award.de\/en\/#\/schema\/logo\/image\/","url":"https:\/\/duke-award.de\/wp-content\/uploads\/2023\/08\/Logo-Duke-Award.png","contentUrl":"https:\/\/duke-award.de\/wp-content\/uploads\/2023\/08\/Logo-Duke-Award.png","width":3004,"height":1075,"caption":"The Duke of Edinburgh's International Award - Germany"},"image":{"@id":"https:\/\/duke-award.de\/en\/#\/schema\/logo\/image\/"},"sameAs":["https:\/\/www.facebook.com\/DukeAwardGermany","https:\/\/www.instagram.com\/dukeaward\/"]}]}},"_links":{"self":[{"href":"https:\/\/duke-award.de\/en\/wp-json\/wp\/v2\/pages\/89188","targetHints":{"allow":["GET"]}}],"collection":[{"href":"https:\/\/duke-award.de\/en\/wp-json\/wp\/v2\/pages"}],"about":[{"href":"https:\/\/duke-award.de\/en\/wp-json\/wp\/v2\/types\/page"}],"author":[{"embeddable":true,"href":"https:\/\/duke-award.de\/en\/wp-json\/wp\/v2\/users\/73"}],"replies":[{"embeddable":true,"href":"https:\/\/duke-award.de\/en\/wp-json\/wp\/v2\/comments?post=89188"}],"version-history":[{"count":5,"href":"https:\/\/duke-award.de\/en\/wp-json\/wp\/v2\/pages\/89188\/revisions"}],"predecessor-version":[{"id":89820,"href":"https:\/\/duke-award.de\/en\/wp-json\/wp\/v2\/pages\/89188\/revisions\/89820"}],"wp:attachment":[{"href":"https:\/\/duke-award.de\/en\/wp-json\/wp\/v2\/media?parent=89188"}],"curies":[{"name":"wp","href":"https:\/\/api.w.org\/{rel}","templated":true}]}}